{"id":11041,"date":"2024-02-10T12:14:17","date_gmt":"2024-02-10T11:14:17","guid":{"rendered":"https:\/\/n.pizarrasmg.com\/?page_id=11041"},"modified":"2024-02-20T11:29:32","modified_gmt":"2024-02-20T10:29:32","slug":"pizarra","status":"publish","type":"page","link":"https:\/\/www.pizarrasmg.com\/es\/pizarra\/","title":{"rendered":"Pizarra"},"content":{"rendered":"\t\t<div data-elementor-type=\"wp-page\" data-elementor-id=\"11041\" class=\"elementor elementor-11041\">\n\t\t\t\t\t\t<section class=\"elementor-section elementor-top-section elementor-element elementor-element-cbb85a0 elementor-section-height-min-height elementor-section-content-middle elementor-section-boxed elementor-section-height-default elementor-section-items-middle qodef-elementor-content-no\" data-id=\"cbb85a0\" data-element_type=\"section\" data-e-type=\"section\" data-settings=\"{&quot;background_background&quot;:&quot;video&quot;,&quot;background_video_link&quot;:&quot;https:\\\/\\\/www.pizarrasmg.com\\\/wp-content\\\/uploads\\\/2024\\\/01\\\/History_pizzarras_MG.mp4&quot;}\">\n\t\t\t\t\t\t\t\t<div class=\"elementor-background-video-container elementor-hidden-mobile\">\n\t\t\t\t\t\t\t\t\t\t\t\t\t<video class=\"elementor-background-video-hosted\" role=\"presentation\" autoplay muted playsinline loop><\/video>\n\t\t\t\t\t\t\t\t\t\t\t<\/div>\n\t\t\t\t\t\t\t\t\t<div class=\"elementor-background-overlay\"><\/div>\n\t\t\t\t\t\t\t<div class=\"elementor-container elementor-column-gap-default\">\n\t\t\t\t\t<div class=\"elementor-column elementor-col-100 elementor-top-column elementor-element elementor-element-fe3f795\" data-id=\"fe3f795\" data-element_type=\"column\" data-e-type=\"column\">\n\t\t\t<div class=\"elementor-widget-wrap elementor-element-populated\">\n\t\t\t\t\t\t<div class=\"elementor-element elementor-element-e0fac9a elementor-widget elementor-widget-halstein_core_section_title\" data-id=\"e0fac9a\" data-element_type=\"widget\" data-e-type=\"widget\" data-widget_type=\"halstein_core_section_title.default\">\n\t\t\t\t<div class=\"elementor-widget-container\">\n\t\t\t\t\t<div class=\"qodef-shortcode qodef-m  qodef-section-title qodef-alignment--left  \">\n\t\t\t<h2 class=\"qodef-m-title\" style=\"color: #FFFFFF\">\n\t\t\t\t\tPizarra\t\t\t<\/h2>\n\t\t<h6 class=\"qodef-m-subtitle\" style=\"color: #FFFFFF\">\n\t\tHISTORIA\t<\/h6>\n\t\t<p class=\"qodef-m-text-field\" style=\"color: #FFFFFF\">\n\t\tLa pizarra natural es una roca metam\u00f3rfica de origen sedimentario y de grano fino que ha sido empleada como material de construcci\u00f3n desde el tiempo de los romanos.<br><br>\n\nEl proceso de formaci\u00f3n geol\u00f3gica de la pizarra tuvo lugar a lo largo de la era Paleozoica, abarcando desde mediados del per\u00edodo Ordov\u00edcico hasta mediados del per\u00edodo Dev\u00f3nico. La pizarra espa\u00f1ola, en concreto, fue formada a mediados del per\u00edodo Ordov\u00edcico (hace 475-450 millones de a\u00f1os).<br><br>\n\nNo existe otro material para cubiertas como la pizarra. Es capaz de soportar temperaturas extremas, dificulta la formaci\u00f3n de nieve, es totalmente impermeable y cuenta con la clasificaci\u00f3n A1 contra incendios. <br><br>\n\nSi se piensa en un tejado a largo plazo y sin mantenimiento, la pizarra para tejados es la opci\u00f3n m\u00e1s adecuada, ya que los productos \nartificiales son m\u00e1s propensos a la decoloraci\u00f3n, la desintegraci\u00f3n o al crecimiento de l\u00edquenes. \n\t<\/p>\n\t<\/div>\n\t\t\t\t<\/div>\n\t\t\t\t<\/div>\n\t\t\t\t\t<\/div>\n\t\t<\/div>\n\t\t\t\t\t<\/div>\n\t\t<\/section>\n\t\t\t\t<section class=\"elementor-section elementor-top-section elementor-element elementor-element-5e1718b elementor-section-full_width qodef-elementor-content-grid elementor-section-height-default elementor-section-height-default\" data-id=\"5e1718b\" data-element_type=\"section\" data-e-type=\"section\">\n\t\t\t\t\t\t<div class=\"elementor-container elementor-column-gap-default\">\n\t\t\t\t\t<div class=\"elementor-column elementor-col-50 elementor-top-column elementor-element elementor-element-19951cea\" data-id=\"19951cea\" data-element_type=\"column\" data-e-type=\"column\">\n\t\t\t<div class=\"elementor-widget-wrap elementor-element-populated\">\n\t\t\t\t\t\t<div class=\"elementor-element elementor-element-6cc064c8 elementor-widget elementor-widget-halstein_core_single_image\" data-id=\"6cc064c8\" data-element_type=\"widget\" data-e-type=\"widget\" data-widget_type=\"halstein_core_single_image.default\">\n\t\t\t\t<div class=\"elementor-widget-container\">\n\t\t\t\t\t<div class=\"qodef-shortcode qodef-m  qodef-single-image qodef-layout--default     \">\n\t<div class=\"qodef-m-image \">\n\t\t\t\t<img fetchpriority=\"high\" decoding=\"async\" width=\"1301\" height=\"849\" src=\"https:\/\/www.pizarrasmg.com\/wp-content\/uploads\/2024\/02\/pizarra_natural.jpg\" class=\"attachment-full size-full\" alt=\"\" srcset=\"https:\/\/www.pizarrasmg.com\/wp-content\/uploads\/2024\/02\/pizarra_natural.jpg 1301w, https:\/\/www.pizarrasmg.com\/wp-content\/uploads\/2024\/02\/pizarra_natural-300x196.jpg 300w, https:\/\/www.pizarrasmg.com\/wp-content\/uploads\/2024\/02\/pizarra_natural-1024x668.jpg 1024w, https:\/\/www.pizarrasmg.com\/wp-content\/uploads\/2024\/02\/pizarra_natural-768x501.jpg 768w, https:\/\/www.pizarrasmg.com\/wp-content\/uploads\/2024\/02\/pizarra_natural-600x392.jpg 600w\" sizes=\"(max-width: 1301px) 100vw, 1301px\" \/>\t\t\t<\/div>\n<\/div>\n\t\t\t\t<\/div>\n\t\t\t\t<\/div>\n\t\t\t\t\t<\/div>\n\t\t<\/div>\n\t\t\t\t<div class=\"elementor-column elementor-col-50 elementor-top-column elementor-element elementor-element-45e2d6a2\" data-id=\"45e2d6a2\" data-element_type=\"column\" data-e-type=\"column\">\n\t\t\t<div class=\"elementor-widget-wrap elementor-element-populated\">\n\t\t\t\t\t\t<div class=\"elementor-element elementor-element-1d44f609 elementor-widget__width-initial elementor-widget elementor-widget-halstein_core_section_title\" data-id=\"1d44f609\" data-element_type=\"widget\" data-e-type=\"widget\" data-widget_type=\"halstein_core_section_title.default\">\n\t\t\t\t<div class=\"elementor-widget-container\">\n\t\t\t\t\t<div class=\"qodef-shortcode qodef-m  qodef-section-title qodef-alignment--left  \">\n\t\t<h6 class=\"qodef-m-tagline\" >\n\t\tLA PIZARRA ESPA\u00d1OLA\t<\/h6>\n\t\t<h2 class=\"qodef-m-title\" >\n\t\t\t\t\tEspa\u00f1a es el mayor productor mundial de pizarra natural para tejados \t\t\t<\/h2>\n\t\t\t<p class=\"qodef-m-text-field\" style=\"color: #262626\">\n\t\ty representa m\u00e1s del 75% de la producci\u00f3n mundial. La mayor parte de los yacimientos de pizarra de Espa\u00f1a se encuentran en la regi\u00f3n de Galicia y Le\u00f3n.\n<BR><BR>\nEn esta parte de Espa\u00f1a se encuentran las mayores reservas de pizarra del mundo. Hay una gran variedad de canteras, y como las caracter\u00edsticas de la pizarra dependen de la zona donde ha sido extra\u00edda, es muy importante elegir bien.\n\t<\/p>\n\t<\/div>\n\t\t\t\t<\/div>\n\t\t\t\t<\/div>\n\t\t\t\t\t<\/div>\n\t\t<\/div>\n\t\t\t\t\t<\/div>\n\t\t<\/section>\n\t\t\t\t<\/div>\n\t\t","protected":false},"excerpt":{"rendered":"<p>Pizarra HISTORIA La pizarra natural es una roca metam\u00f3rfica de origen sedimentario y de grano fino que ha sido empleada como material de construcci\u00f3n desde el tiempo de los romanos. El proceso de formaci\u00f3n geol\u00f3gica de la pizarra tuvo lugar a lo largo de la era Paleozoica, abarcando desde mediados del per\u00edodo Ordov\u00edcico hasta mediados [&hellip;]<\/p>\n","protected":false},"author":1,"featured_media":0,"parent":0,"menu_order":0,"comment_status":"closed","ping_status":"closed","template":"page-full-width.php","meta":{"om_disable_all_campaigns":false,"_monsterinsights_skip_tracking":false,"_monsterinsights_sitenote_active":false,"_monsterinsights_sitenote_note":"","_monsterinsights_sitenote_category":0,"footnotes":""},"class_list":["post-11041","page","type-page","status-publish","hentry"],"aioseo_notices":[],"_links":{"self":[{"href":"https:\/\/www.pizarrasmg.com\/es\/wp-json\/wp\/v2\/pages\/11041","targetHints":{"allow":["GET"]}}],"collection":[{"href":"https:\/\/www.pizarrasmg.com\/es\/wp-json\/wp\/v2\/pages"}],"about":[{"href":"https:\/\/www.pizarrasmg.com\/es\/wp-json\/wp\/v2\/types\/page"}],"author":[{"embeddable":true,"href":"https:\/\/www.pizarrasmg.com\/es\/wp-json\/wp\/v2\/users\/1"}],"replies":[{"embeddable":true,"href":"https:\/\/www.pizarrasmg.com\/es\/wp-json\/wp\/v2\/comments?post=11041"}],"version-history":[{"count":43,"href":"https:\/\/www.pizarrasmg.com\/es\/wp-json\/wp\/v2\/pages\/11041\/revisions"}],"predecessor-version":[{"id":11843,"href":"https:\/\/www.pizarrasmg.com\/es\/wp-json\/wp\/v2\/pages\/11041\/revisions\/11843"}],"wp:attachment":[{"href":"https:\/\/www.pizarrasmg.com\/es\/wp-json\/wp\/v2\/media?parent=11041"}],"curies":[{"name":"wp","href":"https:\/\/api.w.org\/{rel}","templated":true}]}}