{"id":11066,"date":"2024-02-10T12:33:08","date_gmt":"2024-02-10T11:33:08","guid":{"rendered":"https:\/\/n.pizarrasmg.com\/?page_id=11066"},"modified":"2024-02-20T11:38:19","modified_gmt":"2024-02-20T10:38:19","slug":"sostenibilidad","status":"publish","type":"page","link":"https:\/\/www.pizarrasmg.com\/es\/sostenibilidad\/","title":{"rendered":"Sostenibilidad"},"content":{"rendered":"\t\t<div data-elementor-type=\"wp-page\" data-elementor-id=\"11066\" class=\"elementor elementor-11066\">\n\t\t\t\t\t\t<section class=\"elementor-section elementor-top-section elementor-element elementor-element-864a44a elementor-section-height-min-height elementor-section-content-middle elementor-section-boxed elementor-section-height-default elementor-section-items-middle qodef-elementor-content-no\" data-id=\"864a44a\" data-element_type=\"section\" data-e-type=\"section\" data-settings=\"{&quot;background_background&quot;:&quot;classic&quot;}\">\n\t\t\t\t\t\t\t<div class=\"elementor-background-overlay\"><\/div>\n\t\t\t\t\t\t\t<div class=\"elementor-container elementor-column-gap-default\">\n\t\t\t\t\t<div class=\"elementor-column elementor-col-100 elementor-top-column elementor-element elementor-element-a8590b2\" data-id=\"a8590b2\" data-element_type=\"column\" data-e-type=\"column\">\n\t\t\t<div class=\"elementor-widget-wrap elementor-element-populated\">\n\t\t\t\t\t\t<div class=\"elementor-element elementor-element-e6a0692 elementor-widget elementor-widget-halstein_core_section_title\" data-id=\"e6a0692\" data-element_type=\"widget\" data-e-type=\"widget\" data-widget_type=\"halstein_core_section_title.default\">\n\t\t\t\t<div class=\"elementor-widget-container\">\n\t\t\t\t\t<div class=\"qodef-shortcode qodef-m  qodef-section-title qodef-alignment--left  \">\n\t\t\t<h2 class=\"qodef-m-title\" style=\"color: #FFFFFF\">\n\t\t\t\t\tSostenibilidad\t\t\t<\/h2>\n\t\t<h6 class=\"qodef-m-subtitle\" style=\"color: #FFFFFF\">\n\t\tINICIO -  SOSTENIBILIDAD\t<\/h6>\n\t\t<\/div>\n\t\t\t\t<\/div>\n\t\t\t\t<\/div>\n\t\t\t\t\t<\/div>\n\t\t<\/div>\n\t\t\t\t\t<\/div>\n\t\t<\/section>\n\t\t\t\t<section class=\"elementor-section elementor-top-section elementor-element elementor-element-232dbfb elementor-section-full_width qodef-elementor-content-grid elementor-section-height-default elementor-section-height-default\" data-id=\"232dbfb\" data-element_type=\"section\" data-e-type=\"section\">\n\t\t\t\t\t\t<div class=\"elementor-container elementor-column-gap-default\">\n\t\t\t\t\t<div class=\"elementor-column elementor-col-100 elementor-top-column elementor-element elementor-element-3a313ac2\" data-id=\"3a313ac2\" data-element_type=\"column\" data-e-type=\"column\">\n\t\t\t<div class=\"elementor-widget-wrap elementor-element-populated\">\n\t\t\t\t\t\t<div class=\"elementor-element elementor-element-7f782be6 elementor-widget__width-inherit elementor-widget elementor-widget-halstein_core_section_title\" data-id=\"7f782be6\" data-element_type=\"widget\" data-e-type=\"widget\" data-widget_type=\"halstein_core_section_title.default\">\n\t\t\t\t<div class=\"elementor-widget-container\">\n\t\t\t\t\t<div class=\"qodef-shortcode qodef-m  qodef-section-title qodef-alignment--left  \">\n\t\t<h6 class=\"qodef-m-tagline\" >\n\t\tLa pizarra\t<\/h6>\n\t\t<h2 class=\"qodef-m-title\" >\n\t\t\t\t\tofrece una combinaci\u00f3n de belleza y una durabilidad excepcional.\t\t\t<\/h2>\n\t\t\t<\/div>\n\t\t\t\t<\/div>\n\t\t\t\t<\/div>\n\t\t\t\t<div class=\"elementor-element elementor-element-437c4b99 elementor-widget elementor-widget-halstein_core_list_items\" data-id=\"437c4b99\" data-element_type=\"widget\" data-e-type=\"widget\" data-widget_type=\"halstein_core_list_items.default\">\n\t\t\t\t<div class=\"elementor-widget-container\">\n\t\t\t\t\t<div class=\"qodef-shortcode qodef-m  qodef-list-items qodef-layout--bulleted-list \">\n\t\t\t<ul class=\"qodef-m-list\" >\n\t\t\t\t\t\t\t\t<li class=\"qodef-m-list-item\" >\n\t<span class=\"qodef-m-list-item-marker\" style=\"color: #D7CFCF\">\n\t<svg class=\"qodef-svg--bulleted-list-marker qodef-m-marker\" xmlns=\"http:\/\/www.w3.org\/2000\/svg\" width=\"9\" height=\"9\" viewBox=\"0 0 9 9\"><path d=\"M4.5 0A4.5 4.5 0 1 1 0 4.5 4.5 4.5 0 0 1 4.5 0Z\"\/><\/svg><\/span>\n\t<p class=\"qodef-m-list-item-title\" style=\"color: #262626\">\n\t\t\t\tEsta durabilidad permite incluso su reutilizaci\u00f3n, ya que la vida \u00fatil de un tejado de pizarra superar\u00e1 la vida del edificio al que se incorpora.\t\t\t<\/p>\n<\/li>\n\t\t\t\t\t\t\t\t<li class=\"qodef-m-list-item\" >\n\t<span class=\"qodef-m-list-item-marker\" style=\"color: #F3EEEE\">\n\t<svg class=\"qodef-svg--bulleted-list-marker qodef-m-marker\" xmlns=\"http:\/\/www.w3.org\/2000\/svg\" width=\"9\" height=\"9\" viewBox=\"0 0 9 9\"><path d=\"M4.5 0A4.5 4.5 0 1 1 0 4.5 4.5 4.5 0 0 1 4.5 0Z\"\/><\/svg><\/span>\n\t<p class=\"qodef-m-list-item-title\" style=\"color: #262626\">\n\t\t\t\tLa pizarra natural es, adem\u00e1s, el material de cubierta con menor huella de carbono a lo largo de todo su ciclo de vida; en su proceso de producci\u00f3n, la pizarra emplea menos agua, consume menos energ\u00eda y emite menos contaminaci\u00f3n atmosf\u00e9rica que cualquier otro producto para tejados, lo que confirma las inmejorables propiedades de la pizarra natural y su idoneidad para la arquitectura moderna.\t\t\t<\/p>\n<\/li>\n\t\t\t\t<\/ul>\n\t<\/div>\n\t\t\t\t<\/div>\n\t\t\t\t<\/div>\n\t\t\t\t\t<\/div>\n\t\t<\/div>\n\t\t\t\t\t<\/div>\n\t\t<\/section>\n\t\t\t\t<section class=\"elementor-section elementor-top-section elementor-element elementor-element-502e1863 elementor-section-full_width elementor-section-height-default elementor-section-height-default qodef-elementor-content-no\" data-id=\"502e1863\" data-element_type=\"section\" data-e-type=\"section\" data-settings=\"{&quot;background_background&quot;:&quot;classic&quot;}\">\n\t\t\t\t\t\t<div class=\"elementor-container elementor-column-gap-default\">\n\t\t\t\t\t<div class=\"elementor-column elementor-col-50 elementor-top-column elementor-element elementor-element-21c334da\" data-id=\"21c334da\" data-element_type=\"column\" data-e-type=\"column\" data-settings=\"{&quot;background_background&quot;:&quot;classic&quot;}\">\n\t\t\t<div class=\"elementor-widget-wrap elementor-element-populated\">\n\t\t\t\t\t\t\t<\/div>\n\t\t<\/div>\n\t\t\t\t<div class=\"elementor-column elementor-col-50 elementor-top-column elementor-element elementor-element-2b53fffe\" data-id=\"2b53fffe\" data-element_type=\"column\" data-e-type=\"column\" data-settings=\"{&quot;background_background&quot;:&quot;classic&quot;}\">\n\t\t\t<div class=\"elementor-widget-wrap elementor-element-populated\">\n\t\t\t\t\t\t<div class=\"elementor-element elementor-element-58810739 elementor-widget elementor-widget-halstein_core_banner\" data-id=\"58810739\" data-element_type=\"widget\" data-e-type=\"widget\" data-widget_type=\"halstein_core_banner.default\">\n\t\t\t\t<div class=\"elementor-widget-container\">\n\t\t\t\t\t<div class=\"qodef-shortcode qodef-m  qodef-banner qodef-layout--link-overlay  qodef-image-responsive-position--center  qodef-text-field-break--disabled \">\n\t<div class=\"qodef-m-image\">\n\t<img fetchpriority=\"high\" decoding=\"async\" width=\"1902\" height=\"1576\" src=\"https:\/\/www.pizarrasmg.com\/wp-content\/uploads\/2024\/02\/sostenibilidad_e.jpg\" class=\"attachment-full size-full\" alt=\"\" srcset=\"https:\/\/www.pizarrasmg.com\/wp-content\/uploads\/2024\/02\/sostenibilidad_e.jpg 1902w, https:\/\/www.pizarrasmg.com\/wp-content\/uploads\/2024\/02\/sostenibilidad_e-300x249.jpg 300w, https:\/\/www.pizarrasmg.com\/wp-content\/uploads\/2024\/02\/sostenibilidad_e-1024x848.jpg 1024w, https:\/\/www.pizarrasmg.com\/wp-content\/uploads\/2024\/02\/sostenibilidad_e-768x636.jpg 768w, https:\/\/www.pizarrasmg.com\/wp-content\/uploads\/2024\/02\/sostenibilidad_e-1536x1273.jpg 1536w, https:\/\/www.pizarrasmg.com\/wp-content\/uploads\/2024\/02\/sostenibilidad_e-600x497.jpg 600w\" sizes=\"(max-width: 1902px) 100vw, 1902px\" \/><\/div>\n\t<div class=\"qodef-m-content\">\n\t\t<div class=\"qodef-m-content-inner\" style=\"background-color: #891235\">\n\t\t\t<div class=\"qodef-m-content-inner-top\">\n\t\t\t\t\t\t\t\t\t<h3 class=\"qodef-m-title\" style=\"color: #FFFFFF\">\n\t\tA diferencia de otros productos artificiales como las baldosas de cer\u00e1mica, el fibrocemento o el zinc,\t<\/h3>\n\t\t\t\t\t<p class=\"qodef-m-text-field\" style=\"color: #FFFFFF\">\n\t\tla pizarra es un producto 100% natural que no requiere<br \/> ning\u00fan tratamiento adicional, lo que la convierte en el material con menos efectos negativos sobre el medio ambiente y, por tanto, en la alternativa m\u00e1s sostenible para cualquier proyecto.\t<\/p>\n\t\t\t<\/div>\n\t\t\t<div class=\"qodef-m-content-inner-bottom\">\n\t\t\t\t\t<h5 class=\"qodef-m-tagline\" style=\"color: #FFFFFF\">\n\t\tVer nuestros productos\t<\/h5>\n\t\t\t\t<div class=\"qodef-m-arrow\" style=\"color: #FFFFFF\">\n\t<svg class=\"qodef-svg--banner-arrow\" xmlns=\"http:\/\/www.w3.org\/2000\/svg\"\n     xmlns:xlink=\"http:\/\/www.w3.org\/1999\/xlink\" x=\"0px\" y=\"0px\" width=\"35px\" height=\"53px\"\n     viewBox=\"0 0 35 53\" style=\"enable-background:new 0 0 35 53;\" xml:space=\"preserve\"><polyline points=\"15.4,10.9 30.7,26.4 15.4,42.2 \"\/><line x1=\"0.5\" y1=\"0\" x2=\"0.5\" y2=\"53\"\/><\/svg><\/div>\n\t\t\t<\/div>\n\t\t<\/div>\n\t<\/div>\n\t<a itemprop=\"url\" href=\"\/productos\/\" class=\"qodef-m-banner-link\" target=\"_self\"><\/a>\n\n<\/div>\n\t\t\t\t<\/div>\n\t\t\t\t<\/div>\n\t\t\t\t\t<\/div>\n\t\t<\/div>\n\t\t\t\t\t<\/div>\n\t\t<\/section>\n\t\t\t\t<\/div>\n\t\t","protected":false},"excerpt":{"rendered":"<p>Sostenibilidad INICIO &#8211; SOSTENIBILIDAD La pizarra ofrece una combinaci\u00f3n de belleza y una durabilidad excepcional. Esta durabilidad permite incluso su reutilizaci\u00f3n, ya que la vida \u00fatil de un tejado de pizarra superar\u00e1 la vida del edificio al que se incorpora. La pizarra natural es, adem\u00e1s, el material de cubierta con menor huella de carbono a [&hellip;]<\/p>\n","protected":false},"author":1,"featured_media":0,"parent":0,"menu_order":0,"comment_status":"closed","ping_status":"closed","template":"page-full-width.php","meta":{"om_disable_all_campaigns":false,"_monsterinsights_skip_tracking":false,"_monsterinsights_sitenote_active":false,"_monsterinsights_sitenote_note":"","_monsterinsights_sitenote_category":0,"footnotes":""},"class_list":["post-11066","page","type-page","status-publish","hentry"],"aioseo_notices":[],"_links":{"self":[{"href":"https:\/\/www.pizarrasmg.com\/es\/wp-json\/wp\/v2\/pages\/11066","targetHints":{"allow":["GET"]}}],"collection":[{"href":"https:\/\/www.pizarrasmg.com\/es\/wp-json\/wp\/v2\/pages"}],"about":[{"href":"https:\/\/www.pizarrasmg.com\/es\/wp-json\/wp\/v2\/types\/page"}],"author":[{"embeddable":true,"href":"https:\/\/www.pizarrasmg.com\/es\/wp-json\/wp\/v2\/users\/1"}],"replies":[{"embeddable":true,"href":"https:\/\/www.pizarrasmg.com\/es\/wp-json\/wp\/v2\/comments?post=11066"}],"version-history":[{"count":58,"href":"https:\/\/www.pizarrasmg.com\/es\/wp-json\/wp\/v2\/pages\/11066\/revisions"}],"predecessor-version":[{"id":11873,"href":"https:\/\/www.pizarrasmg.com\/es\/wp-json\/wp\/v2\/pages\/11066\/revisions\/11873"}],"wp:attachment":[{"href":"https:\/\/www.pizarrasmg.com\/es\/wp-json\/wp\/v2\/media?parent=11066"}],"curies":[{"name":"wp","href":"https:\/\/api.w.org\/{rel}","templated":true}]}}