{"id":11111,"date":"2024-02-10T13:02:57","date_gmt":"2024-02-10T12:02:57","guid":{"rendered":"https:\/\/n.pizarrasmg.com\/?page_id=11111"},"modified":"2024-02-29T10:17:14","modified_gmt":"2024-02-29T09:17:14","slug":"proteccion-ambiental","status":"publish","type":"page","link":"https:\/\/www.pizarrasmg.com\/es\/proteccion-ambiental\/","title":{"rendered":"Protecci\u00f3n del Medioambiente"},"content":{"rendered":"\t\t<div data-elementor-type=\"wp-page\" data-elementor-id=\"11111\" class=\"elementor elementor-11111\">\n\t\t\t\t\t\t<section class=\"elementor-section elementor-top-section elementor-element elementor-element-864a44a elementor-section-height-min-height elementor-section-content-middle elementor-section-boxed elementor-section-height-default elementor-section-items-middle qodef-elementor-content-no\" data-id=\"864a44a\" data-element_type=\"section\" data-e-type=\"section\" data-settings=\"{&quot;background_background&quot;:&quot;classic&quot;}\">\n\t\t\t\t\t\t\t<div class=\"elementor-background-overlay\"><\/div>\n\t\t\t\t\t\t\t<div class=\"elementor-container elementor-column-gap-default\">\n\t\t\t\t\t<div class=\"elementor-column elementor-col-100 elementor-top-column elementor-element elementor-element-a8590b2\" data-id=\"a8590b2\" data-element_type=\"column\" data-e-type=\"column\">\n\t\t\t<div class=\"elementor-widget-wrap elementor-element-populated\">\n\t\t\t\t\t\t<div class=\"elementor-element elementor-element-e6a0692 elementor-widget elementor-widget-halstein_core_section_title\" data-id=\"e6a0692\" data-element_type=\"widget\" data-e-type=\"widget\" data-widget_type=\"halstein_core_section_title.default\">\n\t\t\t\t<div class=\"elementor-widget-container\">\n\t\t\t\t\t<div class=\"qodef-shortcode qodef-m  qodef-section-title qodef-alignment--left  \">\n\t\t\t<h2 class=\"qodef-m-title\" style=\"color: #FFFFFF\">\n\t\t\t\t\tProtecci\u00f3n del Medioambiente\t\t\t<\/h2>\n\t\t<h6 class=\"qodef-m-subtitle\" style=\"color: #FFFFFF\">\n\t\tINICIO -  Protecci\u00f3n del Medioambiente\t<\/h6>\n\t\t<\/div>\n\t\t\t\t<\/div>\n\t\t\t\t<\/div>\n\t\t\t\t\t<\/div>\n\t\t<\/div>\n\t\t\t\t\t<\/div>\n\t\t<\/section>\n\t\t\t\t<section class=\"elementor-section elementor-top-section elementor-element elementor-element-3eff9174 elementor-section-full_width qodef-elementor-content-grid elementor-section-height-default elementor-section-height-default\" data-id=\"3eff9174\" data-element_type=\"section\" data-e-type=\"section\">\n\t\t\t\t\t\t<div class=\"elementor-container elementor-column-gap-default\">\n\t\t\t\t\t<div class=\"elementor-column elementor-col-100 elementor-top-column elementor-element elementor-element-222a18b8\" data-id=\"222a18b8\" data-element_type=\"column\" data-e-type=\"column\">\n\t\t\t<div class=\"elementor-widget-wrap elementor-element-populated\">\n\t\t\t\t\t\t<div class=\"elementor-element elementor-element-175187b9 elementor-widget__width-initial elementor-widget elementor-widget-halstein_core_section_title\" data-id=\"175187b9\" data-element_type=\"widget\" data-e-type=\"widget\" data-widget_type=\"halstein_core_section_title.default\">\n\t\t\t\t<div class=\"elementor-widget-container\">\n\t\t\t\t\t<div class=\"qodef-shortcode qodef-m  qodef-section-title qodef-alignment--left  \">\n\t\t<h6 class=\"qodef-m-tagline\" >\n\t\tPizarra\t<\/h6>\n\t\t<h2 class=\"qodef-m-title\" >\n\t\t\t\t\tes un producto totalmente ecol\u00f3gico, ya que su proceso de producci\u00f3n\t\t\t<\/h2>\n\t\t\t<\/div>\n\t\t\t\t<\/div>\n\t\t\t\t<\/div>\n\t\t\t\t\t<\/div>\n\t\t<\/div>\n\t\t\t\t\t<\/div>\n\t\t<\/section>\n\t\t\t\t<section class=\"elementor-section elementor-top-section elementor-element elementor-element-315fdff3 elementor-section-full_width qodef-elementor-content-grid elementor-section-height-default elementor-section-height-default\" data-id=\"315fdff3\" data-element_type=\"section\" data-e-type=\"section\">\n\t\t\t\t\t\t<div class=\"elementor-container elementor-column-gap-default\">\n\t\t\t\t\t<div class=\"elementor-column elementor-col-50 elementor-top-column elementor-element elementor-element-23a5415e\" data-id=\"23a5415e\" data-element_type=\"column\" data-e-type=\"column\">\n\t\t\t<div class=\"elementor-widget-wrap elementor-element-populated\">\n\t\t\t\t\t\t<div class=\"elementor-element elementor-element-7ee0e95b elementor-widget__width-initial elementor-widget elementor-widget-text-editor\" data-id=\"7ee0e95b\" data-element_type=\"widget\" data-e-type=\"widget\" data-widget_type=\"text-editor.default\">\n\t\t\t\t<div class=\"elementor-widget-container\">\n\t\t\t\t\t\t\t\t\tEn efecto, el proceso de producci\u00f3n de la pizarra natural se realiza exclusivamente a trav\u00e9s de procesos mec\u00e1nicos, por lo que no se genera ning\u00fan residuo qu\u00edmico.\n<br><br>\nLos desechos que van a la escombrera son totalmente naturales; se trata \u00fanicamente del mineral in\u00fatil que hab\u00eda sido extra\u00eddo de la monta\u00f1a,y el paisaje se recupera mediante la hidrosiembra de plantas aut\u00f3ctonas,\t\t\t\t\t\t\t\t<\/div>\n\t\t\t\t<\/div>\n\t\t\t\t\t<\/div>\n\t\t<\/div>\n\t\t\t\t<div class=\"elementor-column elementor-col-50 elementor-top-column elementor-element elementor-element-43d86316\" data-id=\"43d86316\" data-element_type=\"column\" data-e-type=\"column\">\n\t\t\t<div class=\"elementor-widget-wrap elementor-element-populated\">\n\t\t\t\t\t\t<div class=\"elementor-element elementor-element-778179c5 elementor-widget__width-initial elementor-widget elementor-widget-text-editor\" data-id=\"778179c5\" data-element_type=\"widget\" data-e-type=\"widget\" data-widget_type=\"text-editor.default\">\n\t\t\t\t<div class=\"elementor-widget-container\">\n\t\t\t\t\t\t\t\t\t<p>un proceso que es supervisado y aprobado por los organismos medioambientales competentes.<\/p><p>Durante todo el proceso de extracci\u00f3n y transformaci\u00f3n del producto, el agua utilizada se recicla y se depura, en circuito cerrado, para evitar el derroche de un recurso tan preciado.<\/p>\t\t\t\t\t\t\t\t<\/div>\n\t\t\t\t<\/div>\n\t\t\t\t\t<\/div>\n\t\t<\/div>\n\t\t\t\t\t<\/div>\n\t\t<\/section>\n\t\t\t\t<section class=\"elementor-section elementor-top-section elementor-element elementor-element-3a84a7b6 elementor-section-full_width elementor-section-height-min-height elementor-section-height-default elementor-section-items-middle qodef-elementor-content-no\" data-id=\"3a84a7b6\" data-element_type=\"section\" data-e-type=\"section\" data-settings=\"{&quot;background_background&quot;:&quot;classic&quot;}\">\n\t\t\t\t\t\t<div class=\"elementor-container elementor-column-gap-default\">\n\t\t\t\t\t<div class=\"elementor-column elementor-col-100 elementor-top-column elementor-element elementor-element-e57dda1\" data-id=\"e57dda1\" data-element_type=\"column\" data-e-type=\"column\">\n\t\t\t<div class=\"elementor-widget-wrap elementor-element-populated\">\n\t\t\t\t\t\t<div class=\"elementor-element elementor-element-7620bc6c elementor-widget elementor-widget-text-editor\" data-id=\"7620bc6c\" data-element_type=\"widget\" data-e-type=\"widget\" data-widget_type=\"text-editor.default\">\n\t\t\t\t<div class=\"elementor-widget-container\">\n\t\t\t\t\t\t\t\t\t<h3>La elecci\u00f3n m\u00e1s ecol\u00f3gica y sostenible<\/h3>\t\t\t\t\t\t\t\t<\/div>\n\t\t\t\t<\/div>\n\t\t\t\t<div class=\"elementor-element elementor-element-3b3c699 elementor-widget__width-initial elementor-widget elementor-widget-text-editor\" data-id=\"3b3c699\" data-element_type=\"widget\" data-e-type=\"widget\" data-widget_type=\"text-editor.default\">\n\t\t\t\t<div class=\"elementor-widget-container\">\n\t\t\t\t\t\t\t\t\t<p>Los an\u00e1lisis de ciclo de vida, que permiten evaluar el impacto medioambiental durante todas las etapas de existencia de un producto, confirman que la pizarra natural es la opci\u00f3n m\u00e1s ecol\u00f3gica para cualquier proyecto arquitect\u00f3nico.<\/p><p>\u00a0<\/p><p>La pizarra satisface las necesidades del presente sin comprometer la capacidad de las futuras generaciones, garantizando el equilibrio entre el crecimiento econ\u00f3mico, el cuidado del medio ambiente y el bienestar social, por su positivo efecto en la econom\u00eda y el empleo y su contribuci\u00f3n a frenar la despoblaci\u00f3n en las zonas rurales.<\/p>\t\t\t\t\t\t\t\t<\/div>\n\t\t\t\t<\/div>\n\t\t\t\t\t<\/div>\n\t\t<\/div>\n\t\t\t\t\t<\/div>\n\t\t<\/section>\n\t\t\t\t<\/div>\n\t\t","protected":false},"excerpt":{"rendered":"<p>Protecci\u00f3n del Medioambiente INICIO &#8211; Protecci\u00f3n del Medioambiente Pizarra es un producto totalmente ecol\u00f3gico, ya que su proceso de producci\u00f3n En efecto, el proceso de producci\u00f3n de la pizarra natural se realiza exclusivamente a trav\u00e9s de procesos mec\u00e1nicos, por lo que no se genera ning\u00fan residuo qu\u00edmico. Los desechos que van a la escombrera son [&hellip;]<\/p>\n","protected":false},"author":1,"featured_media":0,"parent":0,"menu_order":0,"comment_status":"closed","ping_status":"closed","template":"page-full-width.php","meta":{"om_disable_all_campaigns":false,"_monsterinsights_skip_tracking":false,"_monsterinsights_sitenote_active":false,"_monsterinsights_sitenote_note":"","_monsterinsights_sitenote_category":0,"footnotes":""},"class_list":["post-11111","page","type-page","status-publish","hentry"],"aioseo_notices":[],"_links":{"self":[{"href":"https:\/\/www.pizarrasmg.com\/es\/wp-json\/wp\/v2\/pages\/11111","targetHints":{"allow":["GET"]}}],"collection":[{"href":"https:\/\/www.pizarrasmg.com\/es\/wp-json\/wp\/v2\/pages"}],"about":[{"href":"https:\/\/www.pizarrasmg.com\/es\/wp-json\/wp\/v2\/types\/page"}],"author":[{"embeddable":true,"href":"https:\/\/www.pizarrasmg.com\/es\/wp-json\/wp\/v2\/users\/1"}],"replies":[{"embeddable":true,"href":"https:\/\/www.pizarrasmg.com\/es\/wp-json\/wp\/v2\/comments?post=11111"}],"version-history":[{"count":76,"href":"https:\/\/www.pizarrasmg.com\/es\/wp-json\/wp\/v2\/pages\/11111\/revisions"}],"predecessor-version":[{"id":12267,"href":"https:\/\/www.pizarrasmg.com\/es\/wp-json\/wp\/v2\/pages\/11111\/revisions\/12267"}],"wp:attachment":[{"href":"https:\/\/www.pizarrasmg.com\/es\/wp-json\/wp\/v2\/media?parent=11111"}],"curies":[{"name":"wp","href":"https:\/\/api.w.org\/{rel}","templated":true}]}}